{"id":1368,"date":"2025-07-31T10:14:23","date_gmt":"2025-07-31T07:14:23","guid":{"rendered":"https:\/\/oneamz.com\/?page_id=1368"},"modified":"2025-07-31T11:47:32","modified_gmt":"2025-07-31T08:47:32","slug":"oneamz-cerez-politikasi","status":"publish","type":"page","link":"https:\/\/oneamz.com\/az\/oneamz-cerez-politikasi\/","title":{"rendered":"ONEAMZ \u00c7erez Politikas\u0131"},"content":{"rendered":"<div data-elementor-type=\"wp-page\" data-elementor-id=\"1368\" class=\"elementor elementor-1368\">\n\t\t\t\t\t\t<section class=\"elementor-section elementor-top-section elementor-element elementor-element-74d52b4 elementor-section-height-min-height elementor-section-boxed elementor-section-height-default elementor-section-items-middle\" data-id=\"74d52b4\" data-element_type=\"section\" data-settings=\"{&quot;background_background&quot;:&quot;classic&quot;}\">\n\t\t\t\t\t\t\t<div class=\"elementor-background-overlay\"><\/div>\n\t\t\t\t\t\t\t<div class=\"elementor-container elementor-column-gap-no\">\n\t\t\t\t\t<div class=\"elementor-column elementor-col-100 elementor-top-column elementor-element elementor-element-924a0c7\" data-id=\"924a0c7\" data-element_type=\"column\">\n\t\t\t<div class=\"elementor-widget-wrap elementor-element-populated\">\n\t\t\t\t\t\t<div class=\"elementor-element elementor-element-250cac40 elementor-widget elementor-widget-heading\" data-id=\"250cac40\" data-element_type=\"widget\" data-widget_type=\"heading.default\">\n\t\t\t\t<div class=\"elementor-widget-container\">\n\t\t\t\t\t<h1 class=\"elementor-heading-title elementor-size-default\">ONEAMZ \u00c7erez Politikas\u0131<\/h1>\t\t\t\t<\/div>\n\t\t\t\t<\/div>\n\t\t\t\t\t<\/div>\n\t\t<\/div>\n\t\t\t\t\t<\/div>\n\t\t<\/section>\n\t\t<div class=\"elementor-element elementor-element-4e06468 e-flex e-con-boxed e-con e-parent\" data-id=\"4e06468\" data-element_type=\"container\">\n\t\t\t\t\t<div class=\"e-con-inner\">\n\t\t\t\t<div class=\"elementor-element elementor-element-9eb9186 elementor-widget elementor-widget-html\" data-id=\"9eb9186\" data-element_type=\"widget\" data-widget_type=\"html.default\">\n\t\t\t\t<div class=\"elementor-widget-container\">\n\t\t\t\t\t<!DOCTYPE html>\n<html lang=\"tr\">\n<head>\n  <meta charset=\"UTF-8\" \/>\n  <meta name=\"viewport\" content=\"width=device-width, initial-scale=1.0\"\/>\n  <title>\u00c7erez Politikas\u0131<\/title>\n  <style>\n    #cookie-policy {\n      font-family: \"Segoe UI\", sans-serif;\n      color: #212529;\n      background-color: #f9f9f9;\n      padding: 2rem;\n      border-radius: 12px;\n      max-width: 900px;\n      margin: 2rem auto;\n      box-shadow: 0 4px 16px rgba(0,0,0,0.05);\n    }\n\n    #cookie-policy h1,\n    #cookie-policy h2,\n    #cookie-policy h3,\n    #cookie-policy h5 {\n      color: #2f5fa7;\n      margin-top: 2rem;\n      line-height: 1.4;\n    }\n\n    #cookie-policy h1 {\n      font-size: 2.2rem;\n      border-bottom: 2px solid #e0e0e0;\n      padding-bottom: 0.5rem;\n    }\n\n    #cookie-policy h2 { font-size: 1.6rem; }\n    #cookie-policy h3 { font-size: 1.3rem; }\n    #cookie-policy h5 { font-size: 1.1rem; }\n\n    #cookie-policy p, \n    #cookie-policy li {\n      font-size: 1rem;\n      line-height: 1.7;\n    }\n\n    #cookie-policy ul {\n      padding-left: 1.2rem;\n      margin-top: 0.5rem;\n    }\n\n    #cookie-policy .section {\n      background: #ffffff;\n      border: 1px solid #e3e6eb;\n      border-radius: 8px;\n      padding: 1.2rem 1.5rem;\n      margin-top: 1.5rem;\n    }\n\n    #cookie-policy table {\n      width: 100%;\n      border-collapse: collapse;\n      margin-top: 1rem;\n      font-size: 0.95rem;\n    }\n\n    #cookie-policy th, \n    #cookie-policy td {\n      padding: 0.7rem;\n      border: 1px solid #e3e6eb;\n    }\n\n    #cookie-policy th {\n      background-color: #f1f3f5;\n      font-weight: bold;\n      text-align: left;\n    }\n\n    #cookie-policy .footer {\n      font-size: 0.9rem;\n      color: #6c757d;\n      margin-top: 2rem;\n      text-align: center;\n    }\n\n    #cookie-policy a {\n      color: #2f5fa7;\n      text-decoration: none;\n    }\n\n    #cookie-policy a:hover {\n      text-decoration: underline;\n    }\n  <\/style>\n<\/head>\n<body>\n  <div id=\"cookie-policy\">\n    <h1>\u00c7erez Politikas\u0131<\/h1>\n\n    <div class=\"section\">\n      <h2>\u00c7erez Nedir ve Hangi Ama\u00e7larla Kullan\u0131l\u0131r?<\/h2>\n      <p>\u00c7erez, ziyaret etti\u011finiz internet siteleri taraf\u0131ndan bilgisayar\u0131n\u0131zda tutulan k\u00fc\u00e7\u00fck metin dosyas\u0131d\u0131r. \u00c7erezler:<\/p>\n      <ul>\n        <li>\u0130nternet sitesinin kullan\u0131c\u0131lar taraf\u0131ndan daha verimli kullan\u0131lmas\u0131n\u0131 sa\u011flar,<\/li>\n        <li>Ki\u015fiselle\u015ftirilmi\u015f internet sayfalar\u0131 sunabilmek i\u00e7in gezinti bilgilerinizin kayd\u0131n\u0131 tutar,<\/li>\n        <li>Bir sonraki ziyaretinizde taray\u0131c\u0131n\u0131z arac\u0131l\u0131\u011f\u0131yla tercihlerinizi hat\u0131rlar.<\/li>\n      <\/ul>\n      <p>Ayr\u0131ca, hizmet ve \u00fcr\u00fcnlerimizi ihtiya\u00e7lar\u0131n\u0131za g\u00f6re daha iyi sunabilmek, site performans\u0131n\u0131 izleyip iyile\u015ftirmek ve g\u00fcvenli bir deneyim sa\u011flamak i\u00e7in \u00e7erezler kullan\u0131lmaktad\u0131r.<\/p>\n    <\/div>\n\n    <div class=\"section\">\n      <h2>\u00c7erezlerin Kullan\u0131lmas\u0131n\u0131n Temel Ama\u00e7lar\u0131<\/h2>\n      <ul>\n        <li>\u0130nternet sitesinin i\u015flevselli\u011fini ve performans\u0131n\u0131 art\u0131rmak,<\/li>\n        <li>Siteyi iyile\u015ftirmek ve yeni \u00f6zellikleri tercihleriniz do\u011frultusunda ki\u015fiselle\u015ftirmek,<\/li>\n        <li>\u0130statistiki veriler toplayarak gezinme al\u0131\u015fkanl\u0131klar\u0131n\u0131z\u0131 anlamak,<\/li>\n        <li>5651 say\u0131l\u0131 Kanun ve ilgili y\u00f6netmelikler uyar\u0131nca IP adresi gibi verilerden faydalanmak.<\/li>\n      <\/ul>\n    <\/div>\n\n    <div class=\"section\">\n      <h2>\u00c7erezlerle Hangi T\u00fcr Verilerinizi \u0130\u015fliyoruz?<\/h2>\n      <ul>\n        <li>Gezinti ve kullan\u0131m tercihlerinizi hat\u0131rlamak,<\/li>\n        <li>Site i\u015flevlerinin d\u00fczg\u00fcn \u00e7al\u0131\u015fmas\u0131n\u0131 sa\u011flamak ve genel trafik verilerini toplamak,<\/li>\n        <li>Toplanan verilerle kimlik tespiti yapmaks\u0131z\u0131n analizler ger\u00e7ekle\u015ftirmek.<\/li>\n      <\/ul>\n      <p>\u00c7erezler, ki\u015fisel veri toplamak amac\u0131yla de\u011fil; istatistiksel analizler ve g\u00fcvenlik \u00f6nlemleri i\u00e7in kullan\u0131lmaktad\u0131r.<\/p>\n    <\/div>\n\n    <div class=\"section\">\n      <h2>\u00c7erez Kategorileri<\/h2>\n      <table>\n        <thead>\n          <tr><th>T\u00fcr<\/th><th>A\u00e7\u0131klama<\/th><\/tr>\n        <\/thead>\n        <tbody>\n          <tr><td>Oturum \u00c7erezleri<\/td><td>Ziyaretinizi oturumlara ay\u0131r\u0131r; taray\u0131c\u0131 kapand\u0131\u011f\u0131nda silinir.<\/td><\/tr>\n          <tr><td>Kal\u0131c\u0131 \u00c7erezler<\/td><td>Taray\u0131c\u0131n\u0131zda saklan\u0131r ve siz silene kadar korunur.<\/td><\/tr>\n          <tr><td>Zorunlu \u00c7erezler<\/td><td>Site\u2019nin do\u011fru \u00e7al\u0131\u015fmas\u0131 i\u00e7in gereklidir.<\/td><\/tr>\n          <tr><td>\u0130\u015flevsel ve Analitik<\/td><td>Tercihlerinizi hat\u0131rlar, performans\u0131 izler.<\/td><\/tr>\n          <tr><td>Takip \u00c7erezleri<\/td><td>Reklam ve pazarlamay\u0131 destekler.<\/td><\/tr>\n        <\/tbody>\n      <\/table>\n    <\/div>\n\n    <div class=\"section\">\n      <h2>\u00c7erezleri Nas\u0131l Kontrol Edebilirsiniz?<\/h2>\n      <p>Taray\u0131c\u0131 ayarlar\u0131n\u0131zdan \u00e7erez kullan\u0131m\u0131n\u0131 kontrol edebilir veya silebilirsiniz. Ancak bu i\u015flemler baz\u0131 \u00f6zelliklerin \u00e7al\u0131\u015fmas\u0131n\u0131 engelleyebilir.<\/p>\n      <h3>Taray\u0131c\u0131 Baz\u0131nda Kontrol Ad\u0131mlar\u0131<\/h3>\n      <h5>Internet Explorer<\/h5>\n      <p>Ara\u00e7lar > \u0130nternet Se\u00e7enekleri > Gizlilik > Kayd\u0131r\u0131c\u0131y\u0131 en y\u00fckse\u011fe \u00e7ekin<\/p>\n      <h5>Google Chrome<\/h5>\n      <p>Di\u011fer Ayarlar > Geli\u015fmi\u015f > Gizlilik ve G\u00fcvenlik > \u0130\u00e7erik Ayarlar\u0131 > \u00c7erezler<\/p>\n      <h5>Mozilla Firefox<\/h5>\n      <p>Men\u00fc > Se\u00e7enekler > Gizlilik ve G\u00fcvenlik > Ge\u00e7mi\u015f > \\\"\u00d6zel ayarlar\u0131 kullan\\\" se\u00e7ene\u011fiyle \u00e7erezleri temizleyin<\/p>\n      <h5>Safari<\/h5>\n      <p>Safari > Tercihler > Gizlilik > \u0130nternet Sitesi Verileri > Sil<\/p>\n    <\/div>\n\n    <div class=\"footer\">\n      <p>Bu \u00e7erez politikas\u0131, 6698 say\u0131l\u0131 Ki\u015fisel Verilerin Korunmas\u0131 Kanunu\u2019na uygun olarak haz\u0131rlanm\u0131\u015ft\u0131r.<\/p>\n      <p>Herhangi bir sorunuz i\u00e7in: <a href=\"\/az\/\\\"mailto:support@oneamz.com\\\"\/\">support@oneamz.com<\/a><\/p>\n    <\/div>\n  <\/div>\n<\/body>\n<\/html>\t\t\t\t<\/div>\n\t\t\t\t<\/div>\n\t\t\t\t\t<\/div>\n\t\t\t\t<\/div>\n\t\t\t\t<\/div>","protected":false},"excerpt":{"rendered":"<p>ONEAMZ \u00c7erez Politikas\u0131 \u00c7erez Politikas\u0131 \u00c7erez Politikas\u0131 \u00c7erez Nedir ve Hangi Ama\u00e7larla Kullan\u0131l\u0131r? \u00c7erez, ziyaret etti\u011finiz internet siteleri taraf\u0131ndan bilgisayar\u0131n\u0131zda tutulan k\u00fc\u00e7\u00fck metin dosyas\u0131d\u0131r. \u00c7erezler: \u0130nternet sitesinin kullan\u0131c\u0131lar taraf\u0131ndan daha verimli kullan\u0131lmas\u0131n\u0131 sa\u011flar, Ki\u015fiselle\u015ftirilmi\u015f internet sayfalar\u0131 sunabilmek i\u00e7in gezinti bilgilerinizin kayd\u0131n\u0131 tutar, Bir sonraki ziyaretinizde taray\u0131c\u0131n\u0131z arac\u0131l\u0131\u011f\u0131yla tercihlerinizi hat\u0131rlar. Ayr\u0131ca, hizmet ve \u00fcr\u00fcnlerimizi ihtiya\u00e7lar\u0131n\u0131za g\u00f6re [&hellip;]<\/p>","protected":false},"author":1,"featured_media":0,"parent":0,"menu_order":0,"comment_status":"closed","ping_status":"closed","template":"elementor_header_footer","meta":{"postBodyMargin":[],"postBodyPadding":[],"postBodyBackground":{"backgroundType":"classic","gradient":""},"footnotes":""},"class_list":["post-1368","page","type-page","status-publish","hentry"],"aioseo_notices":[],"_links":{"self":[{"href":"https:\/\/oneamz.com\/az\/wp-json\/wp\/v2\/pages\/1368","targetHints":{"allow":["GET"]}}],"collection":[{"href":"https:\/\/oneamz.com\/az\/wp-json\/wp\/v2\/pages"}],"about":[{"href":"https:\/\/oneamz.com\/az\/wp-json\/wp\/v2\/types\/page"}],"author":[{"embeddable":true,"href":"https:\/\/oneamz.com\/az\/wp-json\/wp\/v2\/users\/1"}],"replies":[{"embeddable":true,"href":"https:\/\/oneamz.com\/az\/wp-json\/wp\/v2\/comments?post=1368"}],"version-history":[{"count":28,"href":"https:\/\/oneamz.com\/az\/wp-json\/wp\/v2\/pages\/1368\/revisions"}],"predecessor-version":[{"id":1401,"href":"https:\/\/oneamz.com\/az\/wp-json\/wp\/v2\/pages\/1368\/revisions\/1401"}],"wp:attachment":[{"href":"https:\/\/oneamz.com\/az\/wp-json\/wp\/v2\/media?parent=1368"}],"curies":[{"name":"wp","href":"https:\/\/api.w.org\/{rel}","templated":true}]}}